{"id":2497,"date":"2022-10-10T13:42:36","date_gmt":"2022-10-10T11:42:36","guid":{"rendered":"http:\/\/www.youpendi.fr\/tourism\/family\/"},"modified":"2024-03-11T16:58:23","modified_gmt":"2024-03-11T15:58:23","slug":"family","status":"publish","type":"page","link":"https:\/\/www.youpendi.fr\/en\/tourism\/family\/","title":{"rendered":"Family"},"content":{"rendered":"\n<div class=\"wp-block-cover alignfull page-cover\" style=\"margin-top:0px;margin-bottom:15vh;min-height:750px;aspect-ratio:unset;\"><span aria-hidden=\"true\" class=\"wp-block-cover__background has-background-dim wp-block-cover__gradient-background has-background-gradient has-theme-brown-transparent-gradient-background\"><\/span><img decoding=\"async\" width=\"1440\" height=\"1080\" class=\"wp-block-cover__image-background wp-image-1489 lazyload\" alt=\"\" data-src=\"https:\/\/www.youpendi.fr\/wp-content\/uploads\/aux-alentours-01.webp\" data-object-fit=\"cover\" data-srcset=\"https:\/\/www.youpendi.fr\/wp-content\/uploads\/aux-alentours-01.webp 1440w, https:\/\/www.youpendi.fr\/wp-content\/uploads\/aux-alentours-01-1024x768.webp 1024w, https:\/\/www.youpendi.fr\/wp-content\/uploads\/aux-alentours-01-768x576.webp 768w, https:\/\/www.youpendi.fr\/wp-content\/uploads\/aux-alentours-01-512x384.webp 512w, https:\/\/www.youpendi.fr\/wp-content\/uploads\/aux-alentours-01-256x192.webp 256w\" data-sizes=\"(max-width: 1440px) 100vw, 1440px\" src=\"data:image\/svg+xml;base64,PHN2ZyB3aWR0aD0iMSIgaGVpZ2h0PSIxIiB4bWxucz0iaHR0cDovL3d3dy53My5vcmcvMjAwMC9zdmciPjwvc3ZnPg==\" style=\"--smush-placeholder-width: 1440px; --smush-placeholder-aspect-ratio: 1440\/1080;\" \/><div class=\"wp-block-cover__inner-container is-layout-constrained wp-block-cover-is-layout-constrained\">\n<p class=\"has-text-align-left animation--init--once slide-right has-h-1-slide-font-size\" style=\"line-height:1.3;text-transform:uppercase\"><strong>Family outings near<\/strong><\/p>\n\n\n<div class=\"yoast-breadcrumbs animation--init--once slide-right\"><span><span><a href=\"https:\/\/www.youpendi.fr\/en\/\">Home<\/a><\/span> \u203a <span><a href=\"https:\/\/www.youpendi.fr\/en\/tourism\/\">Tourism<\/a><\/span> \u203a <span class=\"breadcrumb_last\" aria-current=\"page\">Family<\/span><\/span><\/div>\n\n\n<div class=\"wp-block-group alignfull booking-container is-layout-flow wp-block-group-is-layout-flow\" style=\"margin-top:0px\">\n<div class=\"wp-block-group alignwide booking-wrapper is-layout-flow wp-block-group-is-layout-flow\" style=\"margin-top:0px\"><section class=\"formulaire-de-recherche-bar\">\r\n            <div id=\"expand-thelis-formulaire\">Book your stay<\/div>\r\n            <div class=\"container-form\"><thr-search-engine><\/thr-search-engine><a id=\"pay-btn-2\" onclick=\"window.open('https:\/\/thelisresa.webcamp.fr\/cart-directPayment.php?camping=campingyoupendi&amp;lang=en');\"><i><\/i>Pay your stay<\/a>\r\n            <style>\r\n            \r\n            .thr-search-engine .thr-search-engine-main > .thr-btn-search { max-width: 20% !important; }\r\n            .thr .btn i { margin-right: 0 !important; }\r\n            #pay-btn-2 { \r\n                position: absolute;\r\n                right: 0;top: 0;\r\n                margin: 10px;\r\n                border: 0;\r\n                background-color: ;\r\n                color: ;\r\n                cursor: pointer;\r\n                width: calc(17% - 5px);\r\n                padding: 17px 0;\r\n                font-size: 18px;\r\n                font-weight: bold;\r\n                text-transform: auto;\r\n                transition: all .35s;\r\n                display: flex;justify-content: center;\r\n                align-items: center;\r\n            }\r\n            #pay-btn-2 i {\r\n                display: inline-flex;\r\n                width:18px;height:18px;\r\n                margin-right: 5px;\r\n                background-image: url('data:image\/svg+xml;utf8,<?xml version=\"1.0\" encoding=\"utf-8\"?><svg width=\"1792\" height=\"1792\" viewBox=\"0 0 1792 1792\" xmlns=\"http:\/\/www.w3.org\/2000\/svg\"><path d=\"M704 1536q0 52-38 90t-90 38-90-38-38-90 38-90 90-38 90 38 38 90zm896 0q0 52-38 90t-90 38-90-38-38-90 38-90 90-38 90 38 38 90zm128-1088v512q0 24-16.5 42.5t-40.5 21.5l-1044 122q13 60 13 70 0 16-24 64h920q26 0 45 19t19 45-19 45-45 19h-1024q-26 0-45-19t-19-45q0-11 8-31.5t16-36 21.5-40 15.5-29.5l-177-823h-204q-26 0-45-19t-19-45 19-45 45-19h256q16 0 28.5 6.5t19.5 15.5 13 24.5 8 26 5.5 29.5 4.5 26h1201q26 0 45 19t19 45z\" fill=\"rgba(255,255,255,1)\" \/><\/svg>');\r\n                background-size: cover;background-position: center center;background-repeat: no-repeat;\r\n            }\r\n            #pay-btn-2:hover { background-color: ; }\r\n            .thr-search-engine { width: 83%; }\r\n\r\n            @media screen and (max-width: 999px) {\r\n                #pay-btn-2 { top: 52px; }\r\n                .thr-search-engine .thr-search-engine-main > .thr-btn-search { max-width: inherit !important; }\r\n            }\r\n            @media screen and (max-width: 990px) {\r\n                .thr-search-engine { width: 100%; }\r\n                #pay-btn-2 { position: relative;width: calc(100% - 20px);top: auto;margin-top: 0; }\r\n            }\r\n\r\n            thr-search-engine { border-right: 200px rgba(0,0,0,0) solid;display: block; }\r\n            @media screen and (max-width: 999px) {\r\n                thr-search-engine { border-right: inherit;display: inherit; }\r\n            }\r\n            <\/style>\r\n            <\/div><\/section><!-- .formulaire-de-recherche-bar --><style>\r\n        #expand-thelis-formulaire { display: none; }\r\n        @media screen and (max-width: 999px) {\r\n            #expand-thelis-formulaire { display: block; }\r\n            .formulaire-de-recherche-bar .container-form { display: none; }\r\n        }\r\n    <\/style><script>\r\n    jQuery(document).ready(function($){\r\n        jQuery('#expand-thelis-formulaire').click(function(){\r\n            if(\r\n                jQuery('.formulaire-de-recherche-bar .container-form').css('display') == 'none'\r\n            ){\r\n                jQuery('.formulaire-de-recherche-bar .container-form').css('display', 'block');\r\n                jQuery('#expand-thelis-formulaire').addClass('expanded');\r\n            }else{\r\n                jQuery('.formulaire-de-recherche-bar .container-form').css('display', 'none');\r\n                jQuery('#expand-thelis-formulaire').removeClass('expanded');\r\n            }\r\n        });\r\n    });\r\n    <\/script>\n<\/div>\n<\/div>\n<\/div><\/div>\n\n<h1 class=\"wp-block-heading alignwide has-text-align-center custom-heading green animation--init--once slide-up\" style=\"margin-bottom:5vh\">Family outings near<br\/><em>Camping Youpendi<\/em><\/h1>\n\n<p class=\"has-text-align-center animation--init--once slide-up\" style=\"margin-bottom:10vh\">To keep young and old busy during your stay at Camping Youpendi, there are plenty of great family outings and activities just waiting for you. For unusual and atypical visits, we recommend &#8220;Le Palais Id\u00e9al du Facteur Cheval&#8221; and the &#8220;Labyrinthes&#8221; in the town of Hautesrives, as well as the &#8220;Palais des Bonbons du Nougat et des Souvenirs&#8221; in Mont\u00e9limar. To learn about the region&#8217;s history by train, discover &#8220;Le train de l&#8217;Ard\u00e8che&#8221;, the &#8220;V\u00e9lorail des Gorges du Doux&#8221; and the &#8220;Jardin des Trains Ard\u00e9chois&#8221; in Soyons. Get up close to the animals at the &#8220;Safari de Peaugres&#8221;, the &#8220;Parc des Perroquets&#8221; in Bren, the &#8220;Parc Animalier de la Clairi\u00e8re&#8221; in Ardoix, the rare horned species park &#8220;Mille et une Cornes&#8221; in Charmes-sur-l&#8217;Herbasse and the &#8220;Ferme aux Crocodiles&#8221; in Mont\u00e9limar.<\/p>\n\n<div class=\"wp-block-media-text alignwide is-stacked-on-mobile custom-media-text animation--init--once\" style=\"padding-bottom:10vh\"><figure class=\"wp-block-media-text__media\"><img decoding=\"async\" width=\"1920\" height=\"900\" data-src=\"https:\/\/www.youpendi.fr\/wp-content\/uploads\/csylvain-bridot-train-de-lardeche-adt07-6.gif\" alt=\"\" class=\"wp-image-2253 size-full lazyload\" src=\"data:image\/svg+xml;base64,PHN2ZyB3aWR0aD0iMSIgaGVpZ2h0PSIxIiB4bWxucz0iaHR0cDovL3d3dy53My5vcmcvMjAwMC9zdmciPjwvc3ZnPg==\" style=\"--smush-placeholder-width: 1920px; --smush-placeholder-aspect-ratio: 1920\/900;\" \/><\/figure><div class=\"wp-block-media-text__content\">\n<div class=\"wp-block-group has-theme-white-background-color has-background is-vertical is-layout-flex wp-container-core-group-is-layout-3 wp-block-group-is-layout-flex\" style=\"margin-top:0px;margin-bottom:0px;padding-top:5vh;padding-right:5vh;padding-bottom:5vh;padding-left:5vh\">\n<h2 class=\"wp-block-heading custom-heading yellow animation--init--once slide-left\" style=\"margin-bottom:5vh\">Train de l&#8217;Ard\u00e8che &#8220;Le Mastrou<br\/><em>1.9Km from campsite<\/em><\/h2>\n\n\n\n<p class=\"animation--init--once slide-left\"><strong>111, Route du Grand Pont &#8211; 07300 Saint Jean de Muzols<\/strong><\/p>\n\n\n\n<p class=\"animation--init--once slide-left\">Next to the campsite, board the famous Ardeche train and travel back in time on an exceptional journey through unspoilt countryside. These authentic steam locomotives will amaze you and take you on a breathtaking journey through the Doux gorges and the Ard\u00e8che mountains.<\/p>\n\n\n\n<p class=\"animation--init--once slide-left\">An unforgettable experience for young and old alike.<\/p>\n<\/div>\n<\/div><\/div>\n\n<div class=\"wp-block-media-text alignwide has-media-on-the-right is-stacked-on-mobile custom-media-text text-left animation--init--once\" style=\"padding-bottom:10vh\"><div class=\"wp-block-media-text__content\">\n<div class=\"wp-block-group has-theme-white-background-color has-background is-vertical is-layout-flex wp-container-core-group-is-layout-4 wp-block-group-is-layout-flex\" style=\"margin-top:0px;margin-bottom:0px;padding-top:5vh;padding-right:5vh;padding-bottom:5vh;padding-left:5vh\">\n<h2 class=\"wp-block-heading custom-heading yellow animation--init--once slide-right\" style=\"margin-bottom:5vh\">Velorail des Gorges du Doux<br\/><em>15.5km from the campsite<\/em><\/h2>\n\n\n\n<p class=\"animation--init--once slide-right\"><strong>265, Route du pont du Roi &#8211; 07270 Bouclieu le Roi<\/strong><\/p>\n\n\n\n<p class=\"animation--init--once slide-right\">On the rails of the old railroad line, you&#8217;ll pedal at your own pace, discovering sumptuous landscapes. There are several routes to choose from, including viaducts, a tunnel&#8230;<\/p>\n\n\n\n<p class=\"animation--init--once slide-right\">A sporting outing full of thrills and laughter!<\/p>\n<\/div>\n<\/div><figure class=\"wp-block-media-text__media\"><img decoding=\"async\" width=\"540\" height=\"360\" data-src=\"https:\/\/www.youpendi.fr\/wp-content\/uploads\/velorail-gorges-doux-003-photo-sylvain-bridotjpg-540x360-q70-crop-subsampling-2-upscale.jpg\" alt=\"\" class=\"wp-image-2257 size-full lazyload\" data-srcset=\"https:\/\/www.youpendi.fr\/wp-content\/uploads\/velorail-gorges-doux-003-photo-sylvain-bridotjpg-540x360-q70-crop-subsampling-2-upscale.jpg 540w, https:\/\/www.youpendi.fr\/wp-content\/uploads\/velorail-gorges-doux-003-photo-sylvain-bridotjpg-540x360-q70-crop-subsampling-2-upscale-512x341.jpg 512w, https:\/\/www.youpendi.fr\/wp-content\/uploads\/velorail-gorges-doux-003-photo-sylvain-bridotjpg-540x360-q70-crop-subsampling-2-upscale-256x171.jpg 256w\" data-sizes=\"(max-width: 540px) 100vw, 540px\" src=\"data:image\/svg+xml;base64,PHN2ZyB3aWR0aD0iMSIgaGVpZ2h0PSIxIiB4bWxucz0iaHR0cDovL3d3dy53My5vcmcvMjAwMC9zdmciPjwvc3ZnPg==\" style=\"--smush-placeholder-width: 540px; --smush-placeholder-aspect-ratio: 540\/360;\" \/><\/figure><\/div>\n\n<div class=\"wp-block-media-text alignwide is-stacked-on-mobile custom-media-text animation--init--once\" style=\"padding-bottom:10vh\"><figure class=\"wp-block-media-text__media\"><img decoding=\"async\" width=\"1024\" height=\"747\" data-src=\"https:\/\/www.youpendi.fr\/wp-content\/uploads\/16497965jpg1024x747-q70-crop-upscale.jpg\" alt=\"\" class=\"wp-image-2261 size-full lazyload\" data-srcset=\"https:\/\/www.youpendi.fr\/wp-content\/uploads\/16497965jpg1024x747-q70-crop-upscale.jpg 1024w, https:\/\/www.youpendi.fr\/wp-content\/uploads\/16497965jpg1024x747-q70-crop-upscale-768x560.jpg 768w, https:\/\/www.youpendi.fr\/wp-content\/uploads\/16497965jpg1024x747-q70-crop-upscale-512x374.jpg 512w, https:\/\/www.youpendi.fr\/wp-content\/uploads\/16497965jpg1024x747-q70-crop-upscale-256x187.jpg 256w\" data-sizes=\"(max-width: 1024px) 100vw, 1024px\" src=\"data:image\/svg+xml;base64,PHN2ZyB3aWR0aD0iMSIgaGVpZ2h0PSIxIiB4bWxucz0iaHR0cDovL3d3dy53My5vcmcvMjAwMC9zdmciPjwvc3ZnPg==\" style=\"--smush-placeholder-width: 1024px; --smush-placeholder-aspect-ratio: 1024\/747;\" \/><\/figure><div class=\"wp-block-media-text__content\">\n<div class=\"wp-block-group has-theme-white-background-color has-background is-vertical is-layout-flex wp-container-core-group-is-layout-5 wp-block-group-is-layout-flex\" style=\"margin-top:0px;margin-bottom:0px;padding-top:5vh;padding-right:5vh;padding-bottom:5vh;padding-left:5vh\">\n<h2 class=\"wp-block-heading custom-heading yellow animation--init--once slide-left\" style=\"margin-bottom:5vh\">A thousand and one horns<br\/><em>27km from the campsite<\/em><\/h2>\n\n\n\n<p class=\"animation--init--once slide-left\"><strong>460, Chemin des pin\u00e8des &#8211; Route de Bathernay &#8211; 26260 Charmes sur l&#8217;Herbasse<\/strong><\/p>\n\n\n\n<p class=\"animation--init--once slide-left\">In this unique setting, in the heart of a 3-hectare forest, you&#8217;ll discover over 150 unusual animals, including rare or endangered breeds of sheep and goats. You&#8217;ll also discover an exhibition on wool-making, a garden of 1001 plants and the 1001 caresses park, which will delight children and adults alise!<\/p>\n<\/div>\n<\/div><\/div>\n\n<div class=\"wp-block-media-text alignwide has-media-on-the-right is-stacked-on-mobile custom-media-text text-left animation--init--once\" style=\"padding-bottom:10vh\"><div class=\"wp-block-media-text__content\">\n<div class=\"wp-block-group has-theme-white-background-color has-background is-vertical is-layout-flex wp-container-core-group-is-layout-6 wp-block-group-is-layout-flex\" style=\"margin-top:0px;margin-bottom:0px;padding-top:5vh;padding-right:5vh;padding-bottom:5vh;padding-left:5vh\">\n<h2 class=\"wp-block-heading custom-heading yellow animation--init--once slide-right\" style=\"margin-bottom:5vh\">Peaugres safari<br\/><em>37km from the campsite<\/em><\/h2>\n\n\n\n<p class=\"animation--init--once slide-right\"><strong>D821 &#8211; 07340 Peaugres<\/strong><\/p>\n\n\n\n<p class=\"animation--init--once slide-right\">The largest animal park in the Auvergne Rhone Alpes region opens its doors for you to discover over 1000 animals on a walking tour and a driving tour around an 80-hectare park.<\/p>\n\n\n\n<p class=\"animation--init--once slide-right\">An unmissable family outing<\/p>\n<\/div>\n<\/div><figure class=\"wp-block-media-text__media\"><img decoding=\"async\" width=\"1280\" height=\"572\" data-src=\"https:\/\/www.youpendi.fr\/wp-content\/uploads\/lion-safari-de-peaugres.jpg\" alt=\"\" class=\"wp-image-2265 size-full lazyload\" data-srcset=\"https:\/\/www.youpendi.fr\/wp-content\/uploads\/lion-safari-de-peaugres.jpg 1280w, https:\/\/www.youpendi.fr\/wp-content\/uploads\/lion-safari-de-peaugres-1024x458.jpg 1024w, https:\/\/www.youpendi.fr\/wp-content\/uploads\/lion-safari-de-peaugres-768x343.jpg 768w, https:\/\/www.youpendi.fr\/wp-content\/uploads\/lion-safari-de-peaugres-512x229.jpg 512w, https:\/\/www.youpendi.fr\/wp-content\/uploads\/lion-safari-de-peaugres-256x114.jpg 256w\" data-sizes=\"(max-width: 1280px) 100vw, 1280px\" src=\"data:image\/svg+xml;base64,PHN2ZyB3aWR0aD0iMSIgaGVpZ2h0PSIxIiB4bWxucz0iaHR0cDovL3d3dy53My5vcmcvMjAwMC9zdmciPjwvc3ZnPg==\" style=\"--smush-placeholder-width: 1280px; --smush-placeholder-aspect-ratio: 1280\/572;\" \/><\/figure><\/div>\n\n<div class=\"wp-block-media-text alignwide is-stacked-on-mobile custom-media-text animation--init--once\" style=\"padding-bottom:20vh\"><figure class=\"wp-block-media-text__media\"><img decoding=\"async\" width=\"1024\" height=\"768\" data-src=\"https:\/\/www.youpendi.fr\/wp-content\/uploads\/img-4497-1024x768-1.jpg\" alt=\"\" class=\"wp-image-2269 size-full lazyload\" data-srcset=\"https:\/\/www.youpendi.fr\/wp-content\/uploads\/img-4497-1024x768-1.jpg 1024w, https:\/\/www.youpendi.fr\/wp-content\/uploads\/img-4497-1024x768-1-768x576.jpg 768w, https:\/\/www.youpendi.fr\/wp-content\/uploads\/img-4497-1024x768-1-512x384.jpg 512w, https:\/\/www.youpendi.fr\/wp-content\/uploads\/img-4497-1024x768-1-256x192.jpg 256w\" data-sizes=\"(max-width: 1024px) 100vw, 1024px\" src=\"data:image\/svg+xml;base64,PHN2ZyB3aWR0aD0iMSIgaGVpZ2h0PSIxIiB4bWxucz0iaHR0cDovL3d3dy53My5vcmcvMjAwMC9zdmciPjwvc3ZnPg==\" style=\"--smush-placeholder-width: 1024px; --smush-placeholder-aspect-ratio: 1024\/768;\" \/><\/figure><div class=\"wp-block-media-text__content\">\n<div class=\"wp-block-group has-theme-white-background-color has-background is-vertical is-layout-flex wp-container-core-group-is-layout-7 wp-block-group-is-layout-flex\" style=\"margin-top:0px;margin-bottom:0px;padding-top:5vh;padding-right:5vh;padding-bottom:5vh;padding-left:5vh\">\n<h2 class=\"wp-block-heading custom-heading yellow animation--init--once slide-left\" style=\"margin-bottom:5vh\">Palace of Bonbon du Nougat and souvenirs<br\/><em>66km from the campsite<\/em><\/h2>\n\n\n\n<p class=\"animation--init--once slide-left\"><strong>100, Route de Valence &#8211; 26200 Mont\u00e9limar<\/strong><\/p>\n\n\n\n<p class=\"animation--init--once slide-left\">Rediscover the flavors of your childhood! You&#8217;ll discover the candy palace, the toy house, Provence in santons, the National 7 era, the world of dolls, the artisanal nougat factory, the boutique&#8230; A visit that will make you feel younger!<\/p>\n<\/div>\n<\/div><\/div>\n","protected":false},"excerpt":{"rendered":"<p>Family outings nearCamping Youpendi To keep young and old busy during your stay at Camping Youpendi, there are plenty of great family outings and activities&#8230;<\/p>\n","protected":false},"author":3,"featured_media":0,"parent":2469,"menu_order":0,"comment_status":"closed","ping_status":"closed","template":"","meta":{"_acf_changed":false,"inline_featured_image":false,"footnotes":""},"class_list":["post-2497","page","type-page","status-publish","hentry"],"acf":[],"yoast_head":"<!-- This site is optimized with the Yoast SEO plugin v24.0 - https:\/\/yoast.com\/wordpress\/plugins\/seo\/ -->\n<title>Family outings near Camping Youpendi in Ard\u00e8che<\/title>\n<meta name=\"description\" content=\"Enjoy beautiful walks and family activities during your stay at Youpendi campsite in the heart of the Ard\u00e8che.\" \/>\n<meta name=\"robots\" content=\"index, follow, max-snippet:-1, max-image-preview:large, max-video-preview:-1\" \/>\n<link rel=\"canonical\" href=\"https:\/\/www.youpendi.fr\/en\/tourism\/family\/\" \/>\n<meta property=\"og:locale\" content=\"en_US\" \/>\n<meta property=\"og:type\" content=\"article\" \/>\n<meta property=\"og:title\" content=\"Family outings near Camping Youpendi in Ard\u00e8che\" \/>\n<meta property=\"og:description\" content=\"Enjoy beautiful walks and family activities during your stay at Youpendi campsite in the heart of the Ard\u00e8che.\" \/>\n<meta property=\"og:url\" content=\"https:\/\/www.youpendi.fr\/en\/tourism\/family\/\" \/>\n<meta property=\"og:site_name\" content=\"Camping Youpendi\" \/>\n<meta property=\"article:modified_time\" content=\"2024-03-11T15:58:23+00:00\" \/>\n<meta property=\"og:image\" content=\"http:\/\/www.youpendi.fr\/wp-content\/uploads\/aux-alentours-01.webp\" \/>\n<meta name=\"twitter:card\" content=\"summary_large_image\" \/>\n<meta name=\"twitter:label1\" content=\"Est. reading time\" \/>\n\t<meta name=\"twitter:data1\" content=\"2 minutes\" \/>\n<script type=\"application\/ld+json\" class=\"yoast-schema-graph\">{\"@context\":\"https:\/\/schema.org\",\"@graph\":[{\"@type\":\"WebPage\",\"@id\":\"https:\/\/www.youpendi.fr\/en\/tourism\/family\/\",\"url\":\"https:\/\/www.youpendi.fr\/en\/tourism\/family\/\",\"name\":\"Family outings near Camping Youpendi in Ard\u00e8che\",\"isPartOf\":{\"@id\":\"https:\/\/www.youpendi.fr\/en\/#website\"},\"primaryImageOfPage\":{\"@id\":\"https:\/\/www.youpendi.fr\/en\/tourism\/family\/#primaryimage\"},\"image\":{\"@id\":\"https:\/\/www.youpendi.fr\/en\/tourism\/family\/#primaryimage\"},\"thumbnailUrl\":\"https:\/\/www.youpendi.fr\/wp-content\/uploads\/aux-alentours-01.webp\",\"datePublished\":\"2022-10-10T11:42:36+00:00\",\"dateModified\":\"2024-03-11T15:58:23+00:00\",\"description\":\"Enjoy beautiful walks and family activities during your stay at Youpendi campsite in the heart of the Ard\u00e8che.\",\"breadcrumb\":{\"@id\":\"https:\/\/www.youpendi.fr\/en\/tourism\/family\/#breadcrumb\"},\"inLanguage\":\"en-US\",\"potentialAction\":[{\"@type\":\"ReadAction\",\"target\":[\"https:\/\/www.youpendi.fr\/en\/tourism\/family\/\"]}]},{\"@type\":\"ImageObject\",\"inLanguage\":\"en-US\",\"@id\":\"https:\/\/www.youpendi.fr\/en\/tourism\/family\/#primaryimage\",\"url\":\"https:\/\/www.youpendi.fr\/wp-content\/uploads\/aux-alentours-01.webp\",\"contentUrl\":\"https:\/\/www.youpendi.fr\/wp-content\/uploads\/aux-alentours-01.webp\"},{\"@type\":\"BreadcrumbList\",\"@id\":\"https:\/\/www.youpendi.fr\/en\/tourism\/family\/#breadcrumb\",\"itemListElement\":[{\"@type\":\"ListItem\",\"position\":1,\"name\":\"Home\",\"item\":\"https:\/\/www.youpendi.fr\/en\/\"},{\"@type\":\"ListItem\",\"position\":2,\"name\":\"Tourism\",\"item\":\"https:\/\/www.youpendi.fr\/en\/tourism\/\"},{\"@type\":\"ListItem\",\"position\":3,\"name\":\"Family\"}]},{\"@type\":\"WebSite\",\"@id\":\"https:\/\/www.youpendi.fr\/en\/#website\",\"url\":\"https:\/\/www.youpendi.fr\/en\/\",\"name\":\"Camping Youpendi\",\"description\":\"Au coeur de l\u2019Ard\u00e8che Verte\",\"publisher\":{\"@id\":\"https:\/\/www.youpendi.fr\/en\/#organization\"},\"potentialAction\":[{\"@type\":\"SearchAction\",\"target\":{\"@type\":\"EntryPoint\",\"urlTemplate\":\"https:\/\/www.youpendi.fr\/en\/?s={search_term_string}\"},\"query-input\":{\"@type\":\"PropertyValueSpecification\",\"valueRequired\":true,\"valueName\":\"search_term_string\"}}],\"inLanguage\":\"en-US\"},{\"@type\":\"Organization\",\"@id\":\"https:\/\/www.youpendi.fr\/en\/#organization\",\"name\":\"Camping Youpendi\",\"url\":\"https:\/\/www.youpendi.fr\/en\/\",\"logo\":{\"@type\":\"ImageObject\",\"inLanguage\":\"en-US\",\"@id\":\"https:\/\/www.youpendi.fr\/en\/#\/schema\/logo\/image\/\",\"url\":\"https:\/\/www.youpendi.fr\/wp-content\/uploads\/youpndi-logo-white.svg\",\"contentUrl\":\"https:\/\/www.youpendi.fr\/wp-content\/uploads\/youpndi-logo-white.svg\",\"width\":297,\"height\":113,\"caption\":\"Camping Youpendi\"},\"image\":{\"@id\":\"https:\/\/www.youpendi.fr\/en\/#\/schema\/logo\/image\/\"}}]}<\/script>\n<!-- \/ Yoast SEO plugin. -->","yoast_head_json":{"title":"Family outings near Camping Youpendi in Ard\u00e8che","description":"Enjoy beautiful walks and family activities during your stay at Youpendi campsite in the heart of the Ard\u00e8che.","robots":{"index":"index","follow":"follow","max-snippet":"max-snippet:-1","max-image-preview":"max-image-preview:large","max-video-preview":"max-video-preview:-1"},"canonical":"https:\/\/www.youpendi.fr\/en\/tourism\/family\/","og_locale":"en_US","og_type":"article","og_title":"Family outings near Camping Youpendi in Ard\u00e8che","og_description":"Enjoy beautiful walks and family activities during your stay at Youpendi campsite in the heart of the Ard\u00e8che.","og_url":"https:\/\/www.youpendi.fr\/en\/tourism\/family\/","og_site_name":"Camping Youpendi","article_modified_time":"2024-03-11T15:58:23+00:00","og_image":[{"url":"http:\/\/www.youpendi.fr\/wp-content\/uploads\/aux-alentours-01.webp","type":"","width":"","height":""}],"twitter_card":"summary_large_image","twitter_misc":{"Est. reading time":"2 minutes"},"schema":{"@context":"https:\/\/schema.org","@graph":[{"@type":"WebPage","@id":"https:\/\/www.youpendi.fr\/en\/tourism\/family\/","url":"https:\/\/www.youpendi.fr\/en\/tourism\/family\/","name":"Family outings near Camping Youpendi in Ard\u00e8che","isPartOf":{"@id":"https:\/\/www.youpendi.fr\/en\/#website"},"primaryImageOfPage":{"@id":"https:\/\/www.youpendi.fr\/en\/tourism\/family\/#primaryimage"},"image":{"@id":"https:\/\/www.youpendi.fr\/en\/tourism\/family\/#primaryimage"},"thumbnailUrl":"https:\/\/www.youpendi.fr\/wp-content\/uploads\/aux-alentours-01.webp","datePublished":"2022-10-10T11:42:36+00:00","dateModified":"2024-03-11T15:58:23+00:00","description":"Enjoy beautiful walks and family activities during your stay at Youpendi campsite in the heart of the Ard\u00e8che.","breadcrumb":{"@id":"https:\/\/www.youpendi.fr\/en\/tourism\/family\/#breadcrumb"},"inLanguage":"en-US","potentialAction":[{"@type":"ReadAction","target":["https:\/\/www.youpendi.fr\/en\/tourism\/family\/"]}]},{"@type":"ImageObject","inLanguage":"en-US","@id":"https:\/\/www.youpendi.fr\/en\/tourism\/family\/#primaryimage","url":"https:\/\/www.youpendi.fr\/wp-content\/uploads\/aux-alentours-01.webp","contentUrl":"https:\/\/www.youpendi.fr\/wp-content\/uploads\/aux-alentours-01.webp"},{"@type":"BreadcrumbList","@id":"https:\/\/www.youpendi.fr\/en\/tourism\/family\/#breadcrumb","itemListElement":[{"@type":"ListItem","position":1,"name":"Home","item":"https:\/\/www.youpendi.fr\/en\/"},{"@type":"ListItem","position":2,"name":"Tourism","item":"https:\/\/www.youpendi.fr\/en\/tourism\/"},{"@type":"ListItem","position":3,"name":"Family"}]},{"@type":"WebSite","@id":"https:\/\/www.youpendi.fr\/en\/#website","url":"https:\/\/www.youpendi.fr\/en\/","name":"Camping Youpendi","description":"Au coeur de l\u2019Ard\u00e8che Verte","publisher":{"@id":"https:\/\/www.youpendi.fr\/en\/#organization"},"potentialAction":[{"@type":"SearchAction","target":{"@type":"EntryPoint","urlTemplate":"https:\/\/www.youpendi.fr\/en\/?s={search_term_string}"},"query-input":{"@type":"PropertyValueSpecification","valueRequired":true,"valueName":"search_term_string"}}],"inLanguage":"en-US"},{"@type":"Organization","@id":"https:\/\/www.youpendi.fr\/en\/#organization","name":"Camping Youpendi","url":"https:\/\/www.youpendi.fr\/en\/","logo":{"@type":"ImageObject","inLanguage":"en-US","@id":"https:\/\/www.youpendi.fr\/en\/#\/schema\/logo\/image\/","url":"https:\/\/www.youpendi.fr\/wp-content\/uploads\/youpndi-logo-white.svg","contentUrl":"https:\/\/www.youpendi.fr\/wp-content\/uploads\/youpndi-logo-white.svg","width":297,"height":113,"caption":"Camping Youpendi"},"image":{"@id":"https:\/\/www.youpendi.fr\/en\/#\/schema\/logo\/image\/"}}]}},"_links":{"self":[{"href":"https:\/\/www.youpendi.fr\/en\/wp-json\/wp\/v2\/pages\/2497"}],"collection":[{"href":"https:\/\/www.youpendi.fr\/en\/wp-json\/wp\/v2\/pages"}],"about":[{"href":"https:\/\/www.youpendi.fr\/en\/wp-json\/wp\/v2\/types\/page"}],"author":[{"embeddable":true,"href":"https:\/\/www.youpendi.fr\/en\/wp-json\/wp\/v2\/users\/3"}],"replies":[{"embeddable":true,"href":"https:\/\/www.youpendi.fr\/en\/wp-json\/wp\/v2\/comments?post=2497"}],"version-history":[{"count":1,"href":"https:\/\/www.youpendi.fr\/en\/wp-json\/wp\/v2\/pages\/2497\/revisions"}],"predecessor-version":[{"id":2498,"href":"https:\/\/www.youpendi.fr\/en\/wp-json\/wp\/v2\/pages\/2497\/revisions\/2498"}],"up":[{"embeddable":true,"href":"https:\/\/www.youpendi.fr\/en\/wp-json\/wp\/v2\/pages\/2469"}],"wp:attachment":[{"href":"https:\/\/www.youpendi.fr\/en\/wp-json\/wp\/v2\/media?parent=2497"}],"curies":[{"name":"wp","href":"https:\/\/api.w.org\/{rel}","templated":true}]}}